{"id":956,"date":"2018-08-29T20:01:15","date_gmt":"2018-08-29T23:01:15","guid":{"rendered":"https:\/\/ieschavarria-cat.infd.edu.ar\/sitio\/fortalecimiento-de-la-formacion-continua-e-investigacion\/"},"modified":"2018-08-29T20:01:15","modified_gmt":"2018-08-29T23:01:15","slug":"fortalecimiento-de-la-formacion-continua-e-investigacion","status":"publish","type":"page","link":"https:\/\/ieschavarria-cat.infd.edu.ar\/sitio\/fortalecimiento-de-la-formacion-continua-e-investigacion\/","title":{"rendered":"Fortalecimiento de la Formaci\u00f3n Contin\u00faa e Investigaci\u00f3n"},"content":{"rendered":"<table style=\"border-color: #000000; border-width: 2px; background-color: #fffacd; width: 696px; height: 1569px; border-style: solid;\" border=\"2\">\n<tbody>\n<tr>\n<td>\n<p style=\"text-align: center;\"><strong><span style=\"font-size: 12pt;\">\u00abEstrategias de reproducci&oacute;n social en el trabajo de los y las profesionales de Psicomotricidad, recibidos en el IES &ldquo;Juan Manuel Chavarr&iacute;a&rdquo;.<\/span><\/strong><\/p>\n<\/td>\n<\/tr>\n<tr>\n<td>\n<p style=\"text-align: justify;\"><span style=\"font-size: 12pt;\">Breve Rese&ntilde;a: El&nbsp; presente proyecto de investigaci&oacute;n tiene como objetivo fundamental Reconocer las estrategias de reproducci&oacute;n social que permiten a los\/ as&nbsp; psicomotricistas y t&eacute;cnicos\/as&nbsp; en Psicomotricidad recibidos en el IES Chavarr&iacute;a,&nbsp;&nbsp; obtener,&nbsp; conservar o&nbsp; mejorar&nbsp; un puesto de trabajo en las &aacute;reas de educaci&oacute;n&nbsp; o&nbsp; en salud y c&oacute;mo ello impacta en las&nbsp; condiciones materiales y simb&oacute;licas tanto de ellos\/ as como en aquellas de sus respectivas&nbsp;&nbsp; familias.<\/span><\/p>\n<p style=\"text-align: justify;\"><span style=\"font-size: 12pt;\">La necesidad se ha puesto en evidencia, a partir de los resultados obtenidos, en&nbsp;&nbsp; la investigaci&oacute;n:&nbsp;&nbsp; &ldquo;PROPUESTAS CURRICULARES QUE GU&Iacute;AN LOS PROCESOS DE ENSE&Ntilde;ANZA&nbsp;&nbsp; EN LA CARRERA TECNICATURA SUPERIOR EN PSICOMOTRICIDAD DEL IES &ldquo;J. M. CHAVARRIA&rdquo;.&nbsp;<\/span><\/p>\n<\/td>\n<\/tr>\n<tr>\n<td>&nbsp;<\/td>\n<\/tr>\n<tr>\n<td>\n<p style=\"text-align: center;\"><strong><span style=\"font-size: 12pt;\">&ldquo;Factores determinantes de la deserci&oacute;n y el desgranamiento de los estudiantes de primer a&ntilde;o <em>&nbsp;de las carreras&nbsp; implementadas&nbsp; en&nbsp; el IES &ldquo;Prof. Juan Manuel Chavarr&iacute;a Catamarca periodo 2011.<\/em><\/span><\/strong><\/p>\n<\/td>\n<\/tr>\n<tr>\n<td>\n<p style=\"text-align: justify;\"><span style=\"font-size: 12pt;\"><strong>Breve Rese&ntilde;a: <\/strong>Este proyecto de investigaci&oacute;n surge con la idea de investigar cuales son las dificultades que lleva a los alumnos a la deserci&oacute;n y desgranamiento escolar en el cursado durante los primeros a&ntilde;os de las carreras que se dictan actualmente en el I.E.S &ldquo;Juan Manuel Chavarr&iacute;a&rdquo;, el interrogante que suscita el presente estudio tiene ver con cu&aacute;les son los factores relevantes que propician el desgranamiento y la deserci&oacute;n y generar conocimientos y estrategias que contribuyen a disminuir ambas problem&aacute;ticas , teniendo en cuenta que la misma no es ajena a&nbsp; nuestra realidad educativa actual.<\/span><\/p>\n<\/td>\n<\/tr>\n<tr>\n<td>&nbsp;<\/td>\n<\/tr>\n<tr>\n<td>\n<p style=\"text-align: center;\"><span style=\"font-size: 12pt;\"><strong>&ldquo;Dispositivos Did&aacute;cticos de Ingreso y Permanencia en carreras de Formaci&oacute;n Docente y T&eacute;cnica en el IES &ldquo;Juan Manuel Chavarr&iacute;a- Catamarca per&iacute;odo 2012.-<\/strong><\/span><\/p>\n<\/td>\n<\/tr>\n<tr>\n<td>\n<p style=\"text-align: justify;\"><span style=\"font-size: 12pt;\"><strong>Breve Rese&ntilde;a:<\/strong> Este proyecto est&aacute; orientado&nbsp; a&nbsp; obtener la informaci&oacute;n necesaria para analizar los dispositivos did&aacute;cticos de ingreso y permanencia en las carreras de formaci&oacute;n docente y t&eacute;cnica, que poseen actualmente en&nbsp; el Instituto de Ense&ntilde;anza Superior&nbsp; Prof. Juan M. Chavarr&iacute;a. Catamarca periodo 2012, a los efectos de analizar y mejorar la organizaci&oacute;n del sistema educativo, permitiendo la elaboraci&oacute;n de propuestas y estrategias que favorezcan la contenci&oacute;n y mejoren los mecanismos de retenci&oacute;n de los estudiantes.<\/span><\/p>\n<\/td>\n<\/tr>\n<tr>\n<td>&nbsp;<\/td>\n<\/tr>\n<tr>\n<td>\n<p style=\"text-align: center;\"><strong><span style=\"font-size: 12pt;\">\u00abDispositivos Did&aacute;cticos de Ingreso y Permanencia en carreras de Formaci&oacute;n docente en el IES &ldquo;Juan Manuel Chavarr&iacute;a&rdquo;.-<\/span><\/strong><\/p>\n<\/td>\n<\/tr>\n<tr>\n<td>\n<p style=\"text-align: justify;\"><span style=\"font-size: 12pt;\"><strong>Breve Rese&ntilde;a:<\/strong> Este proyecto de investigaci&oacute;n surge a partir de una preocupaci&oacute;n pol&iacute;tico-institucional acerca la falta de dispositivos did&aacute;cticos que permitan tanto ingreso y permanencia de los alumnos en carreras de formaci&oacute;n docente del IES &ldquo;Juan Manuel Chavarr&iacute;a&rdquo;, tomamos como antecedente del presente trabajo una investigaci&oacute;n que culminados recientemente denominado <em>&ldquo;<\/em><em>Factores determinantes de la deserci&oacute;n y el desgranamiento de los estudiantes de primer a&ntilde;o &nbsp;de las carreras&nbsp; implementadas&nbsp; en&nbsp; el IES &ldquo;Juan Manuel Chavarr&iacute;a&rdquo;. <\/em><\/span><\/p>\n<p style=\"text-align: justify;\"><span style=\"font-size: 12pt;\"><em>&nbsp;&nbsp;&nbsp;&nbsp;&nbsp;&nbsp;&nbsp; <\/em>El avance producido desde entonces ha llevado a motivar a la presente Instituci&oacute;n formadora cada vez m&aacute;s el inter&eacute;s por realizar acciones que permitan el mayor ingreso<\/span><\/p>\n<p style=\"text-align: justify;\"><span style=\"font-size: 12pt;\">y permanencia de los alumnos al Nivel Superior, teniendo en cuenta las necesidades que plantea la la pol&iacute;tica educativa vigente y la Reforma Integral de Educaci&oacute;n Superior, desde el punto de vista de la formaci&oacute;n integral del alumnado.<\/span><\/p>\n<\/td>\n<\/tr>\n<tr>\n<td>&nbsp;<\/td>\n<\/tr>\n<tr>\n<td style=\"text-align: center;\"><span style=\"font-size: 14pt;\">OTROS PROYECTOS<\/span><\/td>\n<\/tr>\n<tr>\n<td>\n<p><span style=\"font-size: 12pt;\">&nbsp;<strong>2008-2009: <\/strong>Proyectos: &ldquo;Desaf&iacute;o de concluir la Formaci&oacute;n Docente&rdquo;.<\/span><\/p>\n<p><span style=\"font-size: 12pt;\">&ldquo;Conocer en las Pr&aacute;cticas Pedag&oacute;gicas&rdquo;.<\/span><\/p>\n<\/td>\n<\/tr>\n<tr>\n<td>\n<p><span style=\"font-size: 12pt;\"><strong>2008- <\/strong>Proyecto: <strong>&ldquo;<\/strong>Conflictos de Racionalidades Pedag&oacute;gicas en la Formaci&oacute;n del Prof. en Sordos y Discapacitados en la Comunicaci&oacute;n Oral&rdquo;<\/span><\/p>\n<\/td>\n<\/tr>\n<tr>\n<td>\n<p style=\"text-align: justify;\"><span style=\"font-size: 12pt;\"><strong>2009-<\/strong> Proyectos:&nbsp; &ldquo;Las pr&aacute;cticas educativas como constructoras y\/o re- constructoras de la ciudadan&iacute;a&rdquo;<\/span><\/p>\n<p style=\"text-align: justify;\"><span style=\"font-size: 12pt;\">&ldquo;Propuestas Curriculares que gu&iacute;an los procesos de ense&ntilde;anza&nbsp; en la carrera Tecnicatura Superior en Psicomotricidad del IES &ldquo;J. M. Chavarr&iacute;a&rdquo; &ndash;.<\/span><\/p>\n<\/td>\n<\/tr>\n<\/tbody>\n<\/table>\n","protected":false},"excerpt":{"rendered":"<p>\u00abEstrategias de reproducci&oacute;n social en el trabajo de los y las profesionales de Psicomotricidad, recibidos en el IES &ldquo;Juan Manuel Chavarr&iacute;a&rdquo;. Breve Rese&ntilde;a: El&nbsp; presente proyecto de investigaci&oacute;n tiene como objetivo fundamental Reconocer las estrategias de reproducci&oacute;n social que permiten a los\/ as&nbsp; psicomotricistas y t&eacute;cnicos\/as&nbsp; en Psicomotricidad recibidos en el IES Chavarr&iacute;a,&nbsp;&nbsp; obtener,&nbsp; conservar &#8230; <a title=\"Fortalecimiento de la Formaci\u00f3n Contin\u00faa e Investigaci\u00f3n\" class=\"read-more\" href=\"https:\/\/ieschavarria-cat.infd.edu.ar\/sitio\/fortalecimiento-de-la-formacion-continua-e-investigacion\/\" aria-label=\"More on Fortalecimiento de la Formaci\u00f3n Contin\u00faa e Investigaci\u00f3n\">[+]<\/a><\/p>\n","protected":false},"author":13,"featured_media":0,"parent":0,"menu_order":0,"comment_status":"closed","ping_status":"closed","template":"","meta":[],"acf":[],"_links":{"self":[{"href":"https:\/\/ieschavarria-cat.infd.edu.ar\/sitio\/wp-json\/wp\/v2\/pages\/956"}],"collection":[{"href":"https:\/\/ieschavarria-cat.infd.edu.ar\/sitio\/wp-json\/wp\/v2\/pages"}],"about":[{"href":"https:\/\/ieschavarria-cat.infd.edu.ar\/sitio\/wp-json\/wp\/v2\/types\/page"}],"author":[{"embeddable":true,"href":"https:\/\/ieschavarria-cat.infd.edu.ar\/sitio\/wp-json\/wp\/v2\/users\/13"}],"replies":[{"embeddable":true,"href":"https:\/\/ieschavarria-cat.infd.edu.ar\/sitio\/wp-json\/wp\/v2\/comments?post=956"}],"version-history":[{"count":0,"href":"https:\/\/ieschavarria-cat.infd.edu.ar\/sitio\/wp-json\/wp\/v2\/pages\/956\/revisions"}],"wp:attachment":[{"href":"https:\/\/ieschavarria-cat.infd.edu.ar\/sitio\/wp-json\/wp\/v2\/media?parent=956"}],"curies":[{"name":"wp","href":"https:\/\/api.w.org\/{rel}","templated":true}]}}