{"id":933,"date":"2018-08-29T20:01:07","date_gmt":"2018-08-29T23:01:07","guid":{"rendered":"https:\/\/ieschavarria-cat.infd.edu.ar\/sitio\/historia\/"},"modified":"2018-09-24T20:27:30","modified_gmt":"2018-09-24T23:27:30","slug":"historia","status":"publish","type":"page","link":"https:\/\/ieschavarria-cat.infd.edu.ar\/sitio\/historia\/","title":{"rendered":"Historia"},"content":{"rendered":"<table style=\"background-color: #fffacd; width: 700px; border: 0px solid #000000;\" border=\"0\">\n<tbody>\n<tr>\n<td style=\"text-align: center;\">\u00a0<span style=\"text-decoration: underline; font-size: 14pt;\"><strong>HISTORIA\u00a0INSTITUCIONAL<\/strong><\/span><\/td>\n<\/tr>\n<tr>\n<td>\n<p style=\"text-align: justify;\"><span style=\"font-size: 12pt;\"><strong><span style=\"text-decoration: underline;\">D\u00c9CADA DEL 60<\/span><\/strong>: <strong>LOS PRIMEROS TIEMPOS<\/strong><\/span><\/p>\n<p style=\"text-align: justify;\"><span style=\"font-size: 12pt;\">El IES \u201cProf. JUAN MANUEL CHAVARRIA\u201d, comenz\u00f3 a funcionar un 27 de Abril de 1967 y surge como una respuesta a la necesidad de la comunidad de formar profesionales t\u00e9cnicos del \u00e1rea salud y docentes. Carreras como: Auxiliar en educaci\u00f3n para la salud; Artes visuales; T\u00e9cnicos en Administraci\u00f3n P\u00fablica y privada; Maestros especiales en Educaci\u00f3n F\u00edsica; Gu\u00edas y expertos en Turismo.<\/span><\/p>\n<p style=\"text-align: justify;\"><span style=\"font-size: 12pt;\">La carrera de Gu\u00edas y Expertos en Turismo, tiene un plan de estudios y programas relacionados con la provincia y una cultura tur\u00edstica con apertura al NOA.<\/span><\/p>\n<p style=\"text-align: justify;\"><span style=\"font-size: 12pt;\">Los T\u00e9cnicos en Administraci\u00f3n P\u00fablica y Privada (empleados administrativos), con los certificados obtenidos, ascienden en el escalaf\u00f3n general de sus respectivos servicios administrativos.<\/span><\/p>\n<p style=\"text-align: justify;\"><span style=\"font-size: 12pt;\">Los docentes (maestros normales nacionales) a ra\u00edz de cursar la carrera de Auxiliar en Educaci\u00f3n para la Salud, la junta de clasificaci\u00f3n docente del consejo General de Educaci\u00f3n, los habilita como t\u00edtulo docente para el dictado de la materia especial \u201cEducaci\u00f3n para la Salud\u201d, lo que trae aparejado una salida laboral inmediata para los docentes que la cursan.<\/span><\/p>\n<p style=\"text-align: justify;\"><span style=\"font-size: 12pt;\"><strong><span style=\"text-decoration: underline;\">D\u00c9CADA DEL 70<\/span><\/strong>: <strong>EDUCACION ESPECIAL \u2013 Formaci\u00f3n Docente<\/strong><\/span><\/p>\n<p style=\"text-align: justify;\"><span style=\"font-size: 12pt;\">El IES contin\u00faa con sus carreras de Orientaci\u00f3n T\u00e9cnica: Turismo y Administrativas.<\/span><\/p>\n<p style=\"text-align: justify;\"><span style=\"font-size: 12pt;\">En el a\u00f1o 1971, se crea en Catamarca la Escuela Especial N\u00b0 10, los docentes nombrados no tienen t\u00edtulo de la especialidad que los habilite en la escuela.<\/span><\/p>\n<p style=\"text-align: justify;\"><span style=\"font-size: 12pt;\">A ra\u00edz de la petici\u00f3n de estas docentes, al a\u00f1o siguiente, en 1972, se crea la carrera de Maestro de Ense\u00f1anza Diferenciada con una duraci\u00f3n de dos a\u00f1os, cuyos programas fueron tomados del Instituto Nacional Guemes (Buenos Aires) de Perfeccionamiento Docente.<\/span><\/p>\n<p style=\"text-align: justify;\"><span style=\"font-size: 12pt;\">En este mismo a\u00f1o se crea la Escuela Especial N\u00b0 31 para sordos, y en el a\u00f1o 1973, se crea la carrera de Maestro de Sordos e Hipoac\u00fasticos.<\/span><\/p>\n<p style=\"text-align: justify;\"><span style=\"font-size: 12pt;\"><strong><span style=\"text-decoration: underline;\">D\u00c9CADA DEL 80<\/span><\/strong>: <strong>CARACTERIZACI\u00d3N<\/strong><\/span><\/p>\n<p style=\"text-align: justify;\"><span style=\"font-size: 12pt;\">En 1982, se crea la carrera de Profesorado en Discapacidades mentales y Sociales, con una duraci\u00f3n de tres a\u00f1os. La creaci\u00f3n surge como respuesta a la escuela de Educaci\u00f3n Especial del medio, y a la inquietud de los padres de los ni\u00f1os especiales. As\u00ed se crea, paralelamente una nueva escuela privada APANE (Asociaci\u00f3n de padres y amigos de ni\u00f1os especiales).En el a\u00f1o 1985, se crea la carrera de Profesor en Discapacitados en Audici\u00f3n, Voz y Lenguaje, con una duraci\u00f3n de tres a\u00f1os.<\/span><\/p>\n<p style=\"text-align: justify;\"><span style=\"font-size: 12pt;\">En 1986, se crea la carrera de Profesorado en Psicopedagog\u00eda, cuyo plan de estudio es modificado el 5 de septiembre, corrigiendo los defasajes y el t\u00edtulo adquiriendo el car\u00e1cter de T\u00e9cnicos Psicopedag\u00f3gico.<\/span><\/p>\n<p style=\"text-align: justify;\"><span style=\"font-size: 12pt;\"><strong><span style=\"text-decoration: underline;\">D\u00c9CADA DEL 90<\/span><\/strong>: <strong>REESTRUCTURACION Y ACREDITACI\u00d3N<\/strong><\/span><\/p>\n<p style=\"text-align: justify;\"><span style=\"font-size: 12pt;\">En el a\u00f1o 1994, se crea la carrera de profesorado en Discapacidades Visuales, con una duraci\u00f3n de tres a\u00f1os.<\/span><\/p>\n<p style=\"text-align: justify;\"><span style=\"font-size: 12pt;\">\u00a0\u00a0\u00a0\u00a0\u00a0\u00a0\u00a0\u00a0\u00a0\u00a0\u00a0<\/span><\/p>\n<p style=\"text-align: justify;\"><span style=\"font-size: 12pt;\">En 1995, la carrera de Maestro de Educaci\u00f3n F\u00edsica, es llevada a al centro Nacional de Educaci\u00f3n F\u00edsica. Se pierde de esta manera el objetivo fundante, una carrera de corta duraci\u00f3n, en horario nocturno para aquellos alumnos que trabajan y una salida laboral inmediata.<\/span><\/p>\n<p style=\"text-align: justify;\"><span style=\"font-size: 12pt;\">\u00a0\u00a0\u00a0\u00a0\u00a0\u00a0\u00a0\u00a0\u00a0\u00a0\u00a0 En el presente Ciclo Lectivo se dictan las carreras de:<\/span><\/p>\n<p style=\"text-align: justify;\"><span style=\"font-size: 12pt;\">\u00a0<\/span><\/p>\n<ul style=\"text-align: justify;\">\n<li><span style=\"font-size: 12pt;\"><strong>CARRERAS DE FORMACI\u00d3N DOCENTE<\/strong><\/span><\/li>\n<\/ul>\n<p style=\"text-align: justify;\"><span style=\"font-size: 12pt;\">&#8211;\u00a0\u00a0\u00a0\u00a0\u00a0\u00a0 Profesorado de Educaci\u00f3n Especial con Orientaci\u00f3n en Discapacidad Intelectual.<\/span><\/p>\n<p style=\"text-align: justify;\"><span style=\"font-size: 12pt;\">&#8211;\u00a0\u00a0\u00a0\u00a0\u00a0\u00a0 Profesorado de Educaci\u00f3n Especial con Orientaci\u00f3n en Discapacidad Neuromotora.<\/span><\/p>\n<p style=\"text-align: justify;\"><span style=\"font-size: 12pt;\">&#8211;\u00a0\u00a0\u00a0\u00a0\u00a0\u00a0 Profesorado de Educaci\u00f3n Especial con Orientaci\u00f3n en Sordos e Hipoac\u00fasticos<\/span><\/p>\n<p style=\"text-align: justify;\"><span style=\"font-size: 12pt;\">&#8211;\u00a0\u00a0\u00a0\u00a0\u00a0\u00a0 Profesorado de Educaci\u00f3n Especial con Orientaci\u00f3n en Ciegos y Disminuidos Visuales.<\/span><\/p>\n<p style=\"text-align: justify;\"><span style=\"font-size: 12pt;\">&#8211; \u00a0 \u00a0 \u00a0 Profesorado de Educaci\u00f3n Secundaria de Historia.<\/span><\/p>\n<p style=\"text-align: justify;\"><span style=\"font-size: 12pt;\">\u00a0<\/span><\/p>\n<p style=\"text-align: justify;\"><span style=\"font-size: 12pt;\">\u00a0<\/span><\/p>\n<ul style=\"text-align: justify;\">\n<li><span style=\"font-size: 12pt;\"><strong>CARRERAS DE FORMACION TECNICA<\/strong><\/span><\/li>\n<\/ul>\n<p style=\"text-align: left;\"><span style=\"font-size: 12pt;\">&#8211; \u00a0 \u00a0 \u00a0Tecnicatura Superior en Turismo.<\/span><\/p>\n<p style=\"text-align: left;\"><span style=\"font-size: 12pt;\">&#8211; \u00a0 \u00a0 \u00a0Tecnicatura Superior en Administraci\u00f3n de Empresas Hoteleras y Gastronomicas (Plan en cierre).<\/span><\/p>\n<p style=\"text-align: left;\"><span style=\"font-size: 12pt;\">&#8211; \u00a0 \u00a0 \u00a0Tecnicatura Superior en Administraci\u00f3n P\u00fablica Orientada al Desarrollo Local.<\/span><\/p>\n<p style=\"text-align: left;\"><span style=\"font-size: 12pt;\">&#8211; \u00a0 \u00a0 \u00a0Tecnicatura Superior en Administraci\u00f3n y Gesti\u00f3n de Empresas de Alojamiento y Gastron\u00f3micas<\/span><\/p>\n<p style=\"text-align: justify;\"><span style=\"font-size: 12pt;\"><strong><span style=\"text-decoration: underline;\">SINTESIS<\/span><\/strong><\/span><\/p>\n<p style=\"text-align: justify;\"><span style=\"font-size: 12pt;\">\u00a0\u00a0\u00a0\u00a0\u00a0\u00a0\u00a0\u00a0\u00a0\u00a0\u00a0 Al realizar la lectura de la historia Institucional se revela una sucesi\u00f3n de hechos pret\u00e9ritos y presentes, ricos en matices, con marchas y contramarchas pero continua y sostenida, en silencio, sin alardes, pero descubriendo una proyecci\u00f3n en la comunidad. \u00bfC\u00f3mo?, devolviendo Profesionales especializados en distintas \u00e1reas, quienes se insertaron en forma inmediata y muchos de ellos con funciones jer\u00e1rquicas y de decisi\u00f3n en diversos estamentos de gesti\u00f3n p\u00fablica.<\/span><\/p>\n<p style=\"text-align: justify;\"><span style=\"font-size: 12pt;\">\u00a0\u00a0\u00a0\u00a0\u00a0\u00a0\u00a0\u00a0\u00a0\u00a0\u00a0 Si tenemos en cuenta el mandato social de la Instituci\u00f3n en instancias pasadas, la de ser capacitadores de agentes en servicio en \u00e1reas como: Educaci\u00f3n, Salud, Turismo y Administraci\u00f3n P\u00fablica; se cumple ampliamente, aun en nuestros d\u00edas. Actualmente, al terminar una carrera, los egresados se inscriben en otras afines, afianzando su continuidad en el IES.<\/span><\/p>\n<p style=\"text-align: justify;\"><span style=\"font-size: 12pt;\">\u00a0\u00a0\u00a0\u00a0\u00a0\u00a0\u00a0\u00a0\u00a0\u00a0\u00a0 El conocer simplemente la historia de la Instituci\u00f3n, sin duda es una excelente plataforma de discusi\u00f3n y participaci\u00f3n entre sus integrantes, que permite evaluar la marcha de la Instituci\u00f3n.<\/span><\/p>\n<p style=\"text-align: justify;\"><span style=\"font-size: 12pt;\">Por \u00faltimo, debemos resaltar la matr\u00edcula abultada, lo que demuestra ampliamente que las ofertas educativas, que desde su creaci\u00f3n a la\u00a0 fecha responde a las crecientes demandas del medio.<\/span><\/p>\n<p style=\"text-align: justify;\"><span style=\"font-size: 12pt;\">\u00a0<\/span><\/p>\n<p style=\"text-align: justify;\"><span style=\"font-size: 12pt;\">\u00a0<\/span><\/p>\n<\/td>\n<\/tr>\n<\/tbody>\n<\/table>\n","protected":false},"excerpt":{"rendered":"<p>\u00a0HISTORIA\u00a0INSTITUCIONAL D\u00c9CADA DEL 60: LOS PRIMEROS TIEMPOS El IES \u201cProf. JUAN MANUEL CHAVARRIA\u201d, comenz\u00f3 a funcionar un 27 de Abril de 1967 y surge como una respuesta a la necesidad de la comunidad de formar profesionales t\u00e9cnicos del \u00e1rea salud y docentes. Carreras como: Auxiliar en educaci\u00f3n para la salud; Artes visuales; T\u00e9cnicos en Administraci\u00f3n &#8230; <a title=\"Historia\" class=\"read-more\" href=\"https:\/\/ieschavarria-cat.infd.edu.ar\/sitio\/historia\/\" aria-label=\"More on Historia\">[+]<\/a><\/p>\n","protected":false},"author":13,"featured_media":0,"parent":0,"menu_order":0,"comment_status":"closed","ping_status":"closed","template":"","meta":[],"acf":[],"_links":{"self":[{"href":"https:\/\/ieschavarria-cat.infd.edu.ar\/sitio\/wp-json\/wp\/v2\/pages\/933"}],"collection":[{"href":"https:\/\/ieschavarria-cat.infd.edu.ar\/sitio\/wp-json\/wp\/v2\/pages"}],"about":[{"href":"https:\/\/ieschavarria-cat.infd.edu.ar\/sitio\/wp-json\/wp\/v2\/types\/page"}],"author":[{"embeddable":true,"href":"https:\/\/ieschavarria-cat.infd.edu.ar\/sitio\/wp-json\/wp\/v2\/users\/13"}],"replies":[{"embeddable":true,"href":"https:\/\/ieschavarria-cat.infd.edu.ar\/sitio\/wp-json\/wp\/v2\/comments?post=933"}],"version-history":[{"count":1,"href":"https:\/\/ieschavarria-cat.infd.edu.ar\/sitio\/wp-json\/wp\/v2\/pages\/933\/revisions"}],"predecessor-version":[{"id":1088,"href":"https:\/\/ieschavarria-cat.infd.edu.ar\/sitio\/wp-json\/wp\/v2\/pages\/933\/revisions\/1088"}],"wp:attachment":[{"href":"https:\/\/ieschavarria-cat.infd.edu.ar\/sitio\/wp-json\/wp\/v2\/media?parent=933"}],"curies":[{"name":"wp","href":"https:\/\/api.w.org\/{rel}","templated":true}]}}