{"id":921,"date":"2018-08-29T20:01:02","date_gmt":"2018-08-29T23:01:02","guid":{"rendered":"https:\/\/ieschavarria-cat.infd.edu.ar\/sitio\/publicaciones-de-alumnos\/"},"modified":"2024-04-12T10:51:25","modified_gmt":"2024-04-12T13:51:25","slug":"alumnos","status":"publish","type":"page","link":"https:\/\/ieschavarria-cat.infd.edu.ar\/sitio\/alumnos\/","title":{"rendered":"Alumnos"},"content":{"rendered":"\n<h3 class=\"wp-block-heading has-accent-color has-text-color\" style=\"font-style:italic;font-weight:500\"><span style=\"color: #339966;\">La rector\u00eda del IES informa:<\/span> que est\u00e1n abiertas las inscripciones para las becas progresar 2024. La misma estar\u00e1 disponible hasta el d\u00eda 30 de abril del corriente<\/h3>\n\n\n\n<p>Para inscribirse hacer clic <a rel=\"noreferrer noopener\" href=\"https:\/\/becasprogresar.educacion.gob.ar\" target=\"_blank\">AQU\u00cd<\/a><\/p>\n\n\n\n<h5 class=\"wp-block-heading\">&nbsp;<\/h5>\n\n\n\n<h5 class=\"wp-block-heading\">&nbsp;<\/h5>\n","protected":false},"excerpt":{"rendered":"<p>La rector\u00eda del IES informa: que est\u00e1n abiertas las inscripciones para las becas progresar 2024. La misma estar\u00e1 disponible hasta el d\u00eda 30 de abril del corriente Para inscribirse hacer clic AQU\u00cd &nbsp; &nbsp;<\/p>\n","protected":false},"author":13,"featured_media":0,"parent":0,"menu_order":0,"comment_status":"closed","ping_status":"closed","template":"","meta":[],"acf":[],"_links":{"self":[{"href":"https:\/\/ieschavarria-cat.infd.edu.ar\/sitio\/wp-json\/wp\/v2\/pages\/921"}],"collection":[{"href":"https:\/\/ieschavarria-cat.infd.edu.ar\/sitio\/wp-json\/wp\/v2\/pages"}],"about":[{"href":"https:\/\/ieschavarria-cat.infd.edu.ar\/sitio\/wp-json\/wp\/v2\/types\/page"}],"author":[{"embeddable":true,"href":"https:\/\/ieschavarria-cat.infd.edu.ar\/sitio\/wp-json\/wp\/v2\/users\/13"}],"replies":[{"embeddable":true,"href":"https:\/\/ieschavarria-cat.infd.edu.ar\/sitio\/wp-json\/wp\/v2\/comments?post=921"}],"version-history":[{"count":19,"href":"https:\/\/ieschavarria-cat.infd.edu.ar\/sitio\/wp-json\/wp\/v2\/pages\/921\/revisions"}],"predecessor-version":[{"id":2716,"href":"https:\/\/ieschavarria-cat.infd.edu.ar\/sitio\/wp-json\/wp\/v2\/pages\/921\/revisions\/2716"}],"wp:attachment":[{"href":"https:\/\/ieschavarria-cat.infd.edu.ar\/sitio\/wp-json\/wp\/v2\/media?parent=921"}],"curies":[{"name":"wp","href":"https:\/\/api.w.org\/{rel}","templated":true}]}}