{"id":2308,"date":"2022-11-24T12:15:21","date_gmt":"2022-11-24T15:15:21","guid":{"rendered":"https:\/\/ieschavarria-cat.infd.edu.ar\/sitio\/?page_id=2308"},"modified":"2022-11-24T12:20:38","modified_gmt":"2022-11-24T15:20:38","slug":"repositorio-de-leyes","status":"publish","type":"page","link":"https:\/\/ieschavarria-cat.infd.edu.ar\/sitio\/repositorio-de-leyes\/","title":{"rendered":"REPOSITORIO DE LEYES"},"content":{"rendered":"\n\n\n<p>&#x1f5e3;REPOSITORIO DE LEYES &#8211; \u00abHAC\u00c9 CLICK A LA INCLUSI\u00d3N, HAC\u00c9 VALER TUS DERECHOS\u00bb &#x2696;<\/p>\n\n\n\n<div class=\"wp-block-image\"><figure class=\"aligncenter is-resized\"><img decoding=\"async\" loading=\"lazy\" src=\"https:\/\/ieschavarria-cat.infd.edu.ar\/sitio\/wp-content\/uploads\/2022\/11\/Imagen-de-WhatsApp-2022-11-23-a-las-21.21.43-1-707x1000.jpg\" alt=\"\" class=\"wp-image-2314\" width=\"301\" height=\"426\" srcset=\"https:\/\/ieschavarria-cat.infd.edu.ar\/sitio\/wp-content\/uploads\/2022\/11\/Imagen-de-WhatsApp-2022-11-23-a-las-21.21.43-1-707x1000.jpg 707w, https:\/\/ieschavarria-cat.infd.edu.ar\/sitio\/wp-content\/uploads\/2022\/11\/Imagen-de-WhatsApp-2022-11-23-a-las-21.21.43-1-768x1086.jpg 768w, https:\/\/ieschavarria-cat.infd.edu.ar\/sitio\/wp-content\/uploads\/2022\/11\/Imagen-de-WhatsApp-2022-11-23-a-las-21.21.43-1-1086x1536.jpg 1086w, https:\/\/ieschavarria-cat.infd.edu.ar\/sitio\/wp-content\/uploads\/2022\/11\/Imagen-de-WhatsApp-2022-11-23-a-las-21.21.43-1.jpg 1131w\" sizes=\"(max-width: 301px) 100vw, 301px\" \/><\/figure><\/div>\n\n\n\n<p>&#x27a1;Desde la materia \u00abMarco Normativo y Legal de la Educaci\u00f3n Especial y Personas con Discapacidad\u00bb, los alumnos de 4to a\u00f1o del Profesorado en Educaci\u00f3n Especial realizaron un \u00abRepositorio de Leyes\u00bb.<\/p>\n\n\n\n<p>&#x27a1;Este repositorio est\u00e1 destinado a personas con discapacidad, familiares y personas en general que quieran saber m\u00e1s de la tem\u00e1tica.<\/p>\n\n\n\n<p>&#x2705;Los alumnos de las diferentes orientaciones, en base a sus conocimientos, crearon situaciones concretas donde se asesora ,se indica las leyes y normativa en forma de link para que todos puedan ingresar y conocer como hacer respetar los derechos de las personas con discapacidad y que ellos conozcan las leyes que los amparan.<\/p>\n\n\n\n<p>&#x2705;La profesora Maria Martha Molina agradece a todos los alumnos que participaron de este \u00abRepositorio de Leyes\u00bb y espera que sea de gran ayuda a la sociedad &#x1f4aa;&#x1f44f;&#x1f44f;<\/p>\n\n\n\n<p>&#x1f447;&#x1f447;&#x1f447;&#x1f447;&#x1f447;&#x1f447;&#x1f447;&#x1f447;&#x1f447;&#x1f447;&#x1f447;<br>INGRES\u00c1 A ESTE LINK PARA VER NUESTRO REPOSITORIO<br>&#x1f447;&#x1f447;&#x1f447;&#x1f447;&#x1f447;&#x1f447;&#x1f447;&#x1f447;&#x1f447;&#x1f447;&#x1f447;<\/p>\n\n\n\n<p><a href=\"https:\/\/drive.google.com\/drive\/folders\/1meWMculbMN-aXelvtkkr7vtOqNWeznoR?usp=share_link\">https:\/\/drive.google.com\/drive\/folders\/1meWMculbMN-aXelvtkkr7vtOqNWeznoR?usp=share_link<\/a><\/p>\n","protected":false},"excerpt":{"rendered":"<p>&#x1f5e3;REPOSITORIO DE LEYES &#8211; \u00abHAC\u00c9 CLICK A LA INCLUSI\u00d3N, HAC\u00c9 VALER TUS DERECHOS\u00bb &#x2696; &#x27a1;Desde la materia \u00abMarco Normativo y Legal de la Educaci\u00f3n Especial y Personas con Discapacidad\u00bb, los alumnos de 4to a\u00f1o del Profesorado en Educaci\u00f3n Especial realizaron un \u00abRepositorio de Leyes\u00bb. &#x27a1;Este repositorio est\u00e1 destinado a personas con discapacidad, familiares y personas &#8230; <a title=\"REPOSITORIO DE LEYES\" class=\"read-more\" href=\"https:\/\/ieschavarria-cat.infd.edu.ar\/sitio\/repositorio-de-leyes\/\" aria-label=\"More on REPOSITORIO DE LEYES\">[+]<\/a><\/p>\n","protected":false},"author":374,"featured_media":0,"parent":0,"menu_order":0,"comment_status":"closed","ping_status":"closed","template":"","meta":[],"acf":[],"_links":{"self":[{"href":"https:\/\/ieschavarria-cat.infd.edu.ar\/sitio\/wp-json\/wp\/v2\/pages\/2308"}],"collection":[{"href":"https:\/\/ieschavarria-cat.infd.edu.ar\/sitio\/wp-json\/wp\/v2\/pages"}],"about":[{"href":"https:\/\/ieschavarria-cat.infd.edu.ar\/sitio\/wp-json\/wp\/v2\/types\/page"}],"author":[{"embeddable":true,"href":"https:\/\/ieschavarria-cat.infd.edu.ar\/sitio\/wp-json\/wp\/v2\/users\/374"}],"replies":[{"embeddable":true,"href":"https:\/\/ieschavarria-cat.infd.edu.ar\/sitio\/wp-json\/wp\/v2\/comments?post=2308"}],"version-history":[{"count":2,"href":"https:\/\/ieschavarria-cat.infd.edu.ar\/sitio\/wp-json\/wp\/v2\/pages\/2308\/revisions"}],"predecessor-version":[{"id":2315,"href":"https:\/\/ieschavarria-cat.infd.edu.ar\/sitio\/wp-json\/wp\/v2\/pages\/2308\/revisions\/2315"}],"wp:attachment":[{"href":"https:\/\/ieschavarria-cat.infd.edu.ar\/sitio\/wp-json\/wp\/v2\/media?parent=2308"}],"curies":[{"name":"wp","href":"https:\/\/api.w.org\/{rel}","templated":true}]}}