{"id":1699,"date":"2020-09-08T11:29:15","date_gmt":"2020-09-08T14:29:15","guid":{"rendered":"https:\/\/ieschavarria-cat.infd.edu.ar\/sitio\/?page_id=1699"},"modified":"2023-12-14T20:25:50","modified_gmt":"2023-12-14T23:25:50","slug":"siu","status":"publish","type":"page","link":"https:\/\/ieschavarria-cat.infd.edu.ar\/sitio\/siu\/","title":{"rendered":"SIU-GUARANI"},"content":{"rendered":"\n<figure class=\"wp-block-embed is-type-rich is-provider-gestor-del-servicio wp-block-embed-gestor-del-servicio wp-embed-aspect-16-9 wp-has-aspect-ratio\"><div class=\"wp-block-embed__wrapper\">\n<iframe loading=\"lazy\" title=\"INGRESAR POR PRIMERA VEZ A SIU GUARANI\" width=\"1200\" height=\"675\" src=\"https:\/\/www.youtube.com\/embed\/qIBhGXwnfDM?feature=oembed\" frameborder=\"0\" allow=\"accelerometer; autoplay; clipboard-write; encrypted-media; gyroscope; picture-in-picture; web-share\" allowfullscreen><\/iframe>\n<\/div><figcaption class=\"wp-element-caption\"><strong><em>Ingresar por Primera Vez a SIU-Guaran\u00ed<\/em><\/strong><\/figcaption><\/figure>\n\n\n\n<figure class=\"wp-block-embed is-type-rich is-provider-gestor-del-servicio wp-block-embed-gestor-del-servicio wp-embed-aspect-16-9 wp-has-aspect-ratio\"><div class=\"wp-block-embed__wrapper\">\n<iframe loading=\"lazy\" title=\"REGISTRAR ASISTENCIA A LOS ALUMNOS EN SIU\" width=\"1200\" height=\"675\" src=\"https:\/\/www.youtube.com\/embed\/kpPmbCie4SI?feature=oembed\" frameborder=\"0\" allow=\"accelerometer; autoplay; clipboard-write; encrypted-media; gyroscope; picture-in-picture; web-share\" allowfullscreen><\/iframe>\n<\/div><figcaption class=\"wp-element-caption\"><em><strong>Registrar Asistencia a los Alumnos en SIU-Guaran\u00ed<\/strong><\/em> (uso docente)<\/figcaption><\/figure>\n\n\n\n<figure class=\"wp-block-embed is-type-rich is-provider-gestor-del-servicio wp-block-embed-gestor-del-servicio wp-embed-aspect-16-9 wp-has-aspect-ratio\"><div class=\"wp-block-embed__wrapper\">\n<iframe loading=\"lazy\" title=\"CREAR EVALUACIONES EN SIU  PARCIALES, PRACTICOS ETC\" width=\"1200\" height=\"675\" src=\"https:\/\/www.youtube.com\/embed\/OewOSIP4aVk?feature=oembed\" frameborder=\"0\" allow=\"accelerometer; autoplay; clipboard-write; encrypted-media; gyroscope; picture-in-picture; web-share\" allowfullscreen><\/iframe>\n<\/div><figcaption class=\"wp-element-caption\"><strong><em>Crear Evaluaciones en Parciales, Pr\u00e1cticos en SIU<\/em><\/strong> (uso docente)<\/figcaption><\/figure>\n\n\n\n<figure class=\"wp-block-embed is-type-rich is-provider-gestor-del-servicio wp-block-embed-gestor-del-servicio wp-embed-aspect-16-9 wp-has-aspect-ratio\"><div class=\"wp-block-embed__wrapper\">\n<iframe loading=\"lazy\" title=\"CARGA DE NOTAS FINALES DE CURSADA EN SIU\" width=\"1200\" height=\"675\" src=\"https:\/\/www.youtube.com\/embed\/pOhHa37UHWA?feature=oembed\" frameborder=\"0\" allow=\"accelerometer; autoplay; clipboard-write; encrypted-media; gyroscope; picture-in-picture; web-share\" allowfullscreen><\/iframe>\n<\/div><figcaption class=\"wp-element-caption\"><strong><em>Carga de Notas Finales de Cursada en SIU-Guaran\u00ed<\/em><\/strong> (uso docente)<\/figcaption><\/figure>\n\n\n\n<figure class=\"wp-block-embed is-type-rich is-provider-gestor-del-servicio wp-block-embed-gestor-del-servicio wp-embed-aspect-16-9 wp-has-aspect-ratio\"><div class=\"wp-block-embed__wrapper\">\n<iframe loading=\"lazy\" title=\"Como Generar Actas de Cursadas\" width=\"1200\" height=\"675\" src=\"https:\/\/www.youtube.com\/embed\/GBJLAXzSIc0?feature=oembed\" frameborder=\"0\" allow=\"accelerometer; autoplay; clipboard-write; encrypted-media; gyroscope; picture-in-picture; web-share\" allowfullscreen><\/iframe>\n<\/div><figcaption class=\"wp-element-caption\"><strong><em>Como Generar Actas de Cursadas<\/em><\/strong> (uso docente)<\/figcaption><\/figure>\n\n\n\n<hr class=\"wp-block-separator has-alpha-channel-opacity\"\/>\n\n\n\n<div class=\"wp-block-group is-layout-constrained\"><div class=\"wp-block-group__inner-container\">\n<pre class=\"wp-block-preformatted has-base-3-color has-text-color has-background\" style=\"background:linear-gradient(135deg,rgb(2,3,129) 0%,rgb(40,242,252) 100%)\">Se informa al plantel docente que se encuentra habilitado el formulario para la inscripci\u00f3n en el SIU Guaran\u00ed. Deber\u00e1 ser completado por todos los docentes de primer a\u00f1o de todas las carreras del IES que a\u00fan no tengan usuario en el sistema SIU.\n\nPara completar el Formulario hacer <a href=\"https:\/\/forms.gle\/ASt5Mi94PKW67roC7\"><strong><mark style=\"background-color:rgba(0, 0, 0, 0)\" class=\"has-inline-color has-base-2-color\">clic aqu\u00ed<\/mark><\/strong><\/a><\/pre>\n<\/div><\/div>\n\n\n\n<div class=\"wp-block-group is-layout-constrained\"><div class=\"wp-block-group__inner-container\">\n<p class=\"has-base-2-color has-text-color has-background\" style=\"background:linear-gradient(135deg,rgb(3,58,130) 0%,rgb(40,213,252) 100%)\">Se encuentra disponible para su descarga la Resoluci\u00f3n Ministerial N\u00b0 690\/22 de Implementaci\u00f3n Obligatoria del SIU-GUARANI para todos los IES de nuestra provincia.   <a rel=\"noreferrer noopener\" href=\"https:\/\/ieschavarria-cat.infd.edu.ar\/sitio\/wp-content\/uploads\/2023\/02\/Resolucion-Ministerial-690-22-lmplementacion-SIU-GUARANI.pdf\" target=\"_blank\"><img decoding=\"async\" loading=\"lazy\" width=\"800\" height=\"1119\" class=\"wp-image-1704\" style=\"width: 30px;\" src=\"https:\/\/ieschavarria-cat.infd.edu.ar\/sitio\/wp-content\/uploads\/2020\/09\/kisspng-royalty-free-pdf-computer-icons-clip-art-5af75eda654ff5.077225591526161114415.png\" alt=\"\" srcset=\"https:\/\/ieschavarria-cat.infd.edu.ar\/sitio\/wp-content\/uploads\/2020\/09\/kisspng-royalty-free-pdf-computer-icons-clip-art-5af75eda654ff5.077225591526161114415.png 800w, https:\/\/ieschavarria-cat.infd.edu.ar\/sitio\/wp-content\/uploads\/2020\/09\/kisspng-royalty-free-pdf-computer-icons-clip-art-5af75eda654ff5.077225591526161114415-715x1000.png 715w, https:\/\/ieschavarria-cat.infd.edu.ar\/sitio\/wp-content\/uploads\/2020\/09\/kisspng-royalty-free-pdf-computer-icons-clip-art-5af75eda654ff5.077225591526161114415-768x1074.png 768w\" sizes=\"(max-width: 800px) 100vw, 800px\" \/><\/a><\/p>\n<\/div><\/div>\n\n\n\n<div class=\"wp-block-group is-layout-constrained\"><div class=\"wp-block-group__inner-container\">\n<p class=\"has-contrast-color has-light-green-cyan-to-vivid-green-cyan-gradient-background has-text-color has-background\">En el siguiente link se encuentra disponible material sobre el uso para docentes, del Sistema SIU <a href=\"https:\/\/documentacion.siu.edu.ar\/wiki\/SIU-Guarani\/Version3.18.0\/Documentacion_de_Autogestion#Perfil_Docente\">documentacion.siu<\/a><\/p>\n<\/div><\/div>\n","protected":false},"excerpt":{"rendered":"<p>Se informa al plantel docente que se encuentra habilitado el formulario para la inscripci\u00f3n en el SIU Guaran\u00ed. Deber\u00e1 ser completado por todos los docentes de primer a\u00f1o de todas las carreras del IES que a\u00fan no tengan usuario en el sistema SIU. Para completar el Formulario hacer clic aqu\u00ed Se encuentra disponible para su &#8230; <a title=\"SIU-GUARANI\" class=\"read-more\" href=\"https:\/\/ieschavarria-cat.infd.edu.ar\/sitio\/siu\/\" aria-label=\"More on SIU-GUARANI\">[+]<\/a><\/p>\n","protected":false},"author":14,"featured_media":0,"parent":0,"menu_order":0,"comment_status":"closed","ping_status":"closed","template":"","meta":[],"acf":[],"_links":{"self":[{"href":"https:\/\/ieschavarria-cat.infd.edu.ar\/sitio\/wp-json\/wp\/v2\/pages\/1699"}],"collection":[{"href":"https:\/\/ieschavarria-cat.infd.edu.ar\/sitio\/wp-json\/wp\/v2\/pages"}],"about":[{"href":"https:\/\/ieschavarria-cat.infd.edu.ar\/sitio\/wp-json\/wp\/v2\/types\/page"}],"author":[{"embeddable":true,"href":"https:\/\/ieschavarria-cat.infd.edu.ar\/sitio\/wp-json\/wp\/v2\/users\/14"}],"replies":[{"embeddable":true,"href":"https:\/\/ieschavarria-cat.infd.edu.ar\/sitio\/wp-json\/wp\/v2\/comments?post=1699"}],"version-history":[{"count":27,"href":"https:\/\/ieschavarria-cat.infd.edu.ar\/sitio\/wp-json\/wp\/v2\/pages\/1699\/revisions"}],"predecessor-version":[{"id":2690,"href":"https:\/\/ieschavarria-cat.infd.edu.ar\/sitio\/wp-json\/wp\/v2\/pages\/1699\/revisions\/2690"}],"wp:attachment":[{"href":"https:\/\/ieschavarria-cat.infd.edu.ar\/sitio\/wp-json\/wp\/v2\/media?parent=1699"}],"curies":[{"name":"wp","href":"https:\/\/api.w.org\/{rel}","templated":true}]}}