{"id":1080,"date":"2018-09-24T20:20:44","date_gmt":"2018-09-24T23:20:44","guid":{"rendered":"https:\/\/ieschavarria-cat.infd.edu.ar\/sitio\/?page_id=1080"},"modified":"2023-09-12T14:46:57","modified_gmt":"2023-09-12T17:46:57","slug":"carreras","status":"publish","type":"page","link":"https:\/\/ieschavarria-cat.infd.edu.ar\/sitio\/carreras\/","title":{"rendered":"Carreras"},"content":{"rendered":"<h3><span style=\"color: #339966;\">Profesorados (Sede sur)<\/span><\/h3>\n<ul>\n<li>CARRERA<b>:\u00a0<\/b><strong><span style=\"color: #339966;\">Profesorado de Educaci\u00f3n Especial con Orientaci\u00f3n en Ciegos y Disminuidos<\/span> <span style=\"color: #339966;\">Visuales.<\/span><\/strong><\/li>\n<li>CARRERA<strong>:\u00a0<span style=\"color: #339966;\">Profesorado de Educaci\u00f3n Especial con Orientaci\u00f3n en Discapacidad Neuromotora.<\/span><\/strong><\/li>\n<li>CARRERA<strong>:\u00a0<span style=\"color: #339966;\">Profesorado de Educaci\u00f3n Especial con Orientaci\u00f3n en Sordos e Hipoac\u00fasicos.<\/span><\/strong><\/li>\n<li>CARRERA<strong>: <span style=\"color: #339966;\">Profesorado de Educaci\u00f3n Especial con Orientaci\u00f3n en Discapacidad Intelectual<\/span><\/strong><\/li>\n<\/ul>\n<p><a href=\"https:\/\/ieschavarria-cat.infd.edu.ar\/sitio\/wp-content\/uploads\/2023\/09\/Res.-Min-968-18-Profesorado-de-Educacion-Especial-4-Carreras.pdf\"><strong>Plan de estudios todas las orientaciones de educaci\u00f3n especial<\/strong><\/a><\/p>\n<ul>\n<li>CARRERA<strong>:\u00a0<span style=\"color: #339966;\">Profesorado de Educaci\u00f3n Secundaria de Historia. <a href=\"https:\/\/ieschavarria-cat.infd.edu.ar\/sitio\/wp-content\/uploads\/2023\/09\/Res.-Min.-ECyT-117_14-Profesorado-de-Educacion-Secundaria-de-Historia.pdf\">(Plan de Estudios)<\/a><\/span><\/strong><\/li>\n<\/ul>\n<p><b>Todas las Carreras de Profesorados son con VALIDEZ<\/b>:\u00a0Nacional &#8211;\u00a0<b>DURACI\u00d3N:\u00a0<\/b>Cuatro (4) a\u00f1os.<\/p>\n<p>14 hs a 18:30 hs (Sede Sur). &#8211; Av. Manuel Pedraza y Los Regionales<\/p>\n<hr \/>\n<h3><span style=\"color: #339966;\">Tecnicaturas y Profesorado (Sede centro)<\/span><\/h3>\n<ul>\n<li>CARRERA<b>: <\/b><span style=\"color: #339966;\"><strong>Tecnicatura Superior en Administraci\u00f3n y Gesti\u00f3n de Empresas de Alojamiento y Gastron\u00f3mica. <a href=\"https:\/\/ieschavarria-cat.infd.edu.ar\/sitio\/wp-content\/uploads\/2019\/12\/Gastronom\u00eda-y-Alojamiento.pdf\">(Plan de Estudios)<\/a><\/strong><\/span><\/li>\n<\/ul>\n<p><b>VALIDEZ: <\/b>Nacional &#8211;\u00a0<b>DURACI\u00d3N: <\/b>Cinco <b>(5) Cuatrimestres<\/b><\/p>\n<ul>\n<li>CARRERA<b>: <\/b><span style=\"color: #339966;\"><strong>Tecnicatura en Administraci\u00f3n P\u00fablica Orientada al Desarrollo Local.\u00a0<a href=\"https:\/\/ieschavarria-cat.infd.edu.ar\/sitio\/wp-content\/uploads\/2019\/12\/Res.-Min.-117-14-Tecnicatura-Superior-en-Administracion-Publica-Orientada-al-Desarrollo-Local.pdf\">(Plan de Estudios)<\/a><\/strong><\/span><\/li>\n<\/ul>\n<p><b>VALIDEZ<\/b><b>: <\/b>Nacional &#8211;\u00a0<b>DURACI\u00d3N<\/b><b>: <\/b>Tres (3) a\u00f1os<\/p>\n<ul>\n<li>CARRERA<b>: <\/b><span style=\"color: #339966;\"><strong>Tecnicatura\u00a0 Superior En Turismo.\u00a0<a href=\"https:\/\/ieschavarria-cat.infd.edu.ar\/sitio\/wp-content\/uploads\/2019\/12\/Res.-Min.-134-19-Estructura-TS-en-Turismo.pdf\">(Plan de Estudio)<\/a><\/strong><\/span><\/li>\n<\/ul>\n<p><b>VALIDEZ: <\/b>Nacional &#8211;\u00a0<b>DURACI\u00d3N<\/b><b>:<\/b>\u00a0Tres (3) a\u00f1os<\/p>\n<ul>\n<li>CARRERA:\u00a0<span style=\"color: #339966;\"><strong>Profesorado de Educaci\u00f3n Secundaria de Qu\u00edmica.\u00a0<a href=\"https:\/\/ieschavarria-cat.infd.edu.ar\/sitio\/wp-content\/uploads\/2019\/12\/Res.-Min.-ECyT-117_14-Profesorado-de-Educacion-Secundaria-en-Quimica.pdf\">(Plan de Estudios)<\/a><\/strong><\/span><\/li>\n<\/ul>\n<p><b>VALIDEZ: <\/b>Nacional &#8211;\u00a0<b>DURACI\u00d3N<\/b><b>:<\/b>\u00a0Cuatro (4) a\u00f1os<\/p>\n<p>19 hs a 23:40 hs (Sede Centro) &#8211; Mota Botello N\u00b0 555<\/p>\n","protected":false},"excerpt":{"rendered":"<p>Profesorados (Sede sur) CARRERA:\u00a0Profesorado de Educaci\u00f3n Especial con Orientaci\u00f3n en Ciegos y Disminuidos Visuales. CARRERA:\u00a0Profesorado de Educaci\u00f3n Especial con Orientaci\u00f3n en Discapacidad Neuromotora. CARRERA:\u00a0Profesorado de Educaci\u00f3n Especial con Orientaci\u00f3n en Sordos e Hipoac\u00fasicos. CARRERA: Profesorado de Educaci\u00f3n Especial con Orientaci\u00f3n en Discapacidad Intelectual Plan de estudios todas las orientaciones de educaci\u00f3n especial CARRERA:\u00a0Profesorado de Educaci\u00f3n &#8230; <a title=\"Carreras\" class=\"read-more\" href=\"https:\/\/ieschavarria-cat.infd.edu.ar\/sitio\/carreras\/\" aria-label=\"More on Carreras\">[+]<\/a><\/p>\n","protected":false},"author":14,"featured_media":0,"parent":0,"menu_order":0,"comment_status":"closed","ping_status":"closed","template":"","meta":[],"acf":[],"_links":{"self":[{"href":"https:\/\/ieschavarria-cat.infd.edu.ar\/sitio\/wp-json\/wp\/v2\/pages\/1080"}],"collection":[{"href":"https:\/\/ieschavarria-cat.infd.edu.ar\/sitio\/wp-json\/wp\/v2\/pages"}],"about":[{"href":"https:\/\/ieschavarria-cat.infd.edu.ar\/sitio\/wp-json\/wp\/v2\/types\/page"}],"author":[{"embeddable":true,"href":"https:\/\/ieschavarria-cat.infd.edu.ar\/sitio\/wp-json\/wp\/v2\/users\/14"}],"replies":[{"embeddable":true,"href":"https:\/\/ieschavarria-cat.infd.edu.ar\/sitio\/wp-json\/wp\/v2\/comments?post=1080"}],"version-history":[{"count":17,"href":"https:\/\/ieschavarria-cat.infd.edu.ar\/sitio\/wp-json\/wp\/v2\/pages\/1080\/revisions"}],"predecessor-version":[{"id":2616,"href":"https:\/\/ieschavarria-cat.infd.edu.ar\/sitio\/wp-json\/wp\/v2\/pages\/1080\/revisions\/2616"}],"wp:attachment":[{"href":"https:\/\/ieschavarria-cat.infd.edu.ar\/sitio\/wp-json\/wp\/v2\/media?parent=1080"}],"curies":[{"name":"wp","href":"https:\/\/api.w.org\/{rel}","templated":true}]}}