{"id":1062,"date":"2018-09-17T16:24:04","date_gmt":"2018-09-17T19:24:04","guid":{"rendered":"https:\/\/ieschavarria-cat.infd.edu.ar\/sitio\/?page_id=1062"},"modified":"2023-12-14T20:27:56","modified_gmt":"2023-12-14T23:27:56","slug":"inscripciones","status":"publish","type":"page","link":"https:\/\/ieschavarria-cat.infd.edu.ar\/sitio\/inscripciones\/","title":{"rendered":"Inscripciones"},"content":{"rendered":"\n<p>La rector\u00eda del IES informa que se encuentra habilitada la preinscripci\u00f3n para el ciclo lectivo 2024.<\/p>\n\n\n\n<p><strong>Oferta acad\u00e9mica<\/strong>:<\/p>\n\n\n\n<p><strong>PROFESORADOS<\/strong><\/p>\n\n\n\n<p>\u2022 Profesorado de Educaci\u00f3n Especial con Orientaci\u00f3n en Ciegos y Disminuidos Visuales.<\/p>\n\n\n\n<p>\u2022 Profesorado de Educaci\u00f3n Especial con Orientaci\u00f3n en Discapacidad Neuromotora.<\/p>\n\n\n\n<p>\u2022 Profesorado de Educaci\u00f3n Especial con Orientaci\u00f3n en Sordos e Hipoac\u00fasicos.<\/p>\n\n\n\n<p>\u2022 Profesorado de Educaci\u00f3n Especial con Orientaci\u00f3n en Discapacidad Intelectual-<\/p>\n\n\n\n<p>\u2022 Profesorado de Educaci\u00f3n Secundaria de Historia.<\/p>\n\n\n\n<p>\u2022 Profesorado de Educaci\u00f3n Secundaria de Qu\u00edmica.<\/p>\n\n\n\n<p><strong>TECNICATURAS<\/strong><\/p>\n\n\n\n<p>\u2022 Tecnicatura Superior en Administraci\u00f3n y Gesti\u00f3n de Empresas de Alojamiento y Gastron\u00f3mica.<\/p>\n\n\n\n<p>\u2022 Tecnicatura en Administraci\u00f3n P\u00fablica Orientada al Desarrollo Local.<\/p>\n\n\n\n<p>\u2022 Tecnicatura Superior En Turismo<\/p>\n\n\n\n<p>La preinscripci\u00f3n deber\u00e1 hacerse, sin excepci\u00f3n, a trav\u00e9s del aplicativo SIU Guaran\u00ed, haciendo clic en el siguiente enlace&nbsp;<a href=\"http:\/\/guarani.catamarca.edu.ar\/preinscripcion\/ies\/?__o=\">SIU-Preinscripci\u00f3n \u2013 Catamarca :: Acceso al sistema<\/a><\/p>\n\n\n\n<p>En el siguiente video podr\u00e1s acceder a un tutorial de los pasos a seguir para completar la preinscripci\u00f3n.&nbsp;<a href=\"https:\/\/drive.google.com\/file\/d\/1WcfhzZDMs8mixXGe7XIbVzw4gxkjzz-8\/view?usp=sharing\">VIDEO TUTORIAL<\/a><\/p>\n\n\n\n<p>Una vez finalizada, el estudiante deber\u00e1 concurrir al IES en el mes de febrero del 2024, con el formulario de preinscripci\u00f3n que otorga el sistema SIU impreso para completar con la inscripci\u00f3n. As\u00ed mismo deber\u00e1 presentar fotocopia del DNI (frente y reverso), partida de nacimiento, t\u00edtulo secundario, o su respectiva constancia de t\u00edtulo en tr\u00e1mite y dos fotos carnet 4\u00d74.<\/p>\n","protected":false},"excerpt":{"rendered":"<p>La rector\u00eda del IES informa que se encuentra habilitada la preinscripci\u00f3n para el ciclo lectivo 2024. Oferta acad\u00e9mica: PROFESORADOS \u2022 Profesorado de Educaci\u00f3n Especial con Orientaci\u00f3n en Ciegos y Disminuidos Visuales. \u2022 Profesorado de Educaci\u00f3n Especial con Orientaci\u00f3n en Discapacidad Neuromotora. \u2022 Profesorado de Educaci\u00f3n Especial con Orientaci\u00f3n en Sordos e Hipoac\u00fasicos. \u2022 Profesorado de &#8230; <a title=\"Inscripciones\" class=\"read-more\" href=\"https:\/\/ieschavarria-cat.infd.edu.ar\/sitio\/inscripciones\/\" aria-label=\"More on Inscripciones\">[+]<\/a><\/p>\n","protected":false},"author":14,"featured_media":0,"parent":0,"menu_order":0,"comment_status":"closed","ping_status":"closed","template":"","meta":[],"acf":[],"_links":{"self":[{"href":"https:\/\/ieschavarria-cat.infd.edu.ar\/sitio\/wp-json\/wp\/v2\/pages\/1062"}],"collection":[{"href":"https:\/\/ieschavarria-cat.infd.edu.ar\/sitio\/wp-json\/wp\/v2\/pages"}],"about":[{"href":"https:\/\/ieschavarria-cat.infd.edu.ar\/sitio\/wp-json\/wp\/v2\/types\/page"}],"author":[{"embeddable":true,"href":"https:\/\/ieschavarria-cat.infd.edu.ar\/sitio\/wp-json\/wp\/v2\/users\/14"}],"replies":[{"embeddable":true,"href":"https:\/\/ieschavarria-cat.infd.edu.ar\/sitio\/wp-json\/wp\/v2\/comments?post=1062"}],"version-history":[{"count":5,"href":"https:\/\/ieschavarria-cat.infd.edu.ar\/sitio\/wp-json\/wp\/v2\/pages\/1062\/revisions"}],"predecessor-version":[{"id":2691,"href":"https:\/\/ieschavarria-cat.infd.edu.ar\/sitio\/wp-json\/wp\/v2\/pages\/1062\/revisions\/2691"}],"wp:attachment":[{"href":"https:\/\/ieschavarria-cat.infd.edu.ar\/sitio\/wp-json\/wp\/v2\/media?parent=1062"}],"curies":[{"name":"wp","href":"https:\/\/api.w.org\/{rel}","templated":true}]}}